{"id":40,"date":"2019-04-08T13:24:43","date_gmt":"2019-04-08T11:24:43","guid":{"rendered":"http:\/\/www.fabry.com\/wp\/?page_id=40"},"modified":"2020-11-22T11:37:10","modified_gmt":"2020-11-22T10:37:10","slug":"tracking","status":"publish","type":"page","link":"https:\/\/www.fabry.com\/en\/tracking\/","title":{"rendered":"Tracking"},"content":{"rendered":"<p>[et_pb_section fb_built=\u00a0\u00bb1&Prime; _builder_version=\u00a0\u00bb4.6.6&Prime; _module_preset=\u00a0\u00bbdefault\u00a0\u00bb custom_padding=\u00a0\u00bb0px||3px|||\u00a0\u00bb][et_pb_row _builder_version=\u00a0\u00bb4.6.6&Prime; _module_preset=\u00a0\u00bbdefault\u00a0\u00bb min_height=\u00a0\u00bb96px\u00a0\u00bb][et_pb_column type=\u00a0\u00bb4_4&Prime; _builder_version=\u00a0\u00bb4.6.6&Prime; _module_preset=\u00a0\u00bbdefault\u00a0\u00bb][et_pb_text _builder_version=\u00a0\u00bb4.6.6&Prime; _module_preset=\u00a0\u00bbdefault\u00a0\u00bb min_height=\u00a0\u00bb49px\u00a0\u00bb custom_padding=\u00a0\u00bb||17px|||\u00a0\u00bb]<\/p>\n<h1 style=\"text-align: center;\">Tracking v\u00e9hicules<\/h1>\n<p style=\"text-align: center;\" class=\" translation-block\">In order to be as precise as possible and to optimise appointments with our customers, we have chosen the Tomtom Webfleet solution.\n\nOur drivers also have Tomtom Truck GPS with traffic information to reduce unnecessary kilometres and avoid traffic jams as much as possible.<\/p>\n<p>[\/et_pb_text][\/et_pb_column][\/et_pb_row][et_pb_row _builder_version=\u00a0\u00bb4.7.3&Prime; _module_preset=\u00a0\u00bbdefault\u00a0\u00bb custom_padding=\u00a0\u00bb0px||0px|||\u00a0\u00bb border_width_all=\u00a0\u00bb1px\u00a0\u00bb][et_pb_column type=\u00a0\u00bb4_4&Prime; _builder_version=\u00a0\u00bb4.6.6&Prime; _module_preset=\u00a0\u00bbdefault\u00a0\u00bb][et_pb_image src=\u00a0\u00bbhttps:\/\/fabry.com\/wp\/wp-content\/uploads\/2020\/11\/Webfleet.jpg\u00a0\u00bb title_text=\u00a0\u00bbWebfleet\u00a0\u00bb url=\u00a0\u00bbhttps:\/\/fabry.com\/wp\/wp-content\/uploads\/2020\/11\/Webfleet.jpg\u00a0\u00bb url_new_window=\u00a0\u00bbon\u00a0\u00bb align=\u00a0\u00bbcenter\u00a0\u00bb _builder_version=\u00a0\u00bb4.7.3&Prime; _module_preset=\u00a0\u00bbdefault\u00a0\u00bb hover_enabled=\u00a0\u00bb0&Prime; box_shadow_style=\u00a0\u00bbpreset1&Prime; box_shadow_horizontal=\u00a0\u00bb20px\u00a0\u00bb box_shadow_vertical=\u00a0\u00bb20px\u00a0\u00bb sticky_enabled=\u00a0\u00bb0&Prime;][\/et_pb_image][\/et_pb_column][\/et_pb_row][et_pb_row _builder_version=\u00a0\u00bb4.7.3&Prime; _module_preset=\u00a0\u00bbdefault\u00a0\u00bb][et_pb_column type=\u00a0\u00bb4_4&Prime; _builder_version=\u00a0\u00bb4.7.3&Prime; _module_preset=\u00a0\u00bbdefault\u00a0\u00bb][et_pb_button button_url=\u00a0\u00bb@ET-DC@eyJkeW5hbWljIjp0cnVlLCJjb250ZW50IjoicG9zdF9saW5rX3VybF9wYWdlIiwic2V0dGluZ3MiOnsicG9zdF9pZCI6IjQyIn19@\u00a0\u00bb button_text=\u00a0\u00bbR\u00e9gions parcourues\u00a0\u00bb button_alignment=\u00a0\u00bbcenter\u00a0\u00bb _builder_version=\u00a0\u00bb4.7.3&Prime; _dynamic_attributes=\u00a0\u00bbbutton_url\u00a0\u00bb _module_preset=\u00a0\u00bbdefault\u00a0\u00bb][\/et_pb_button][\/et_pb_column][\/et_pb_row][\/et_pb_section]<\/p>","protected":false},"excerpt":{"rendered":"<p>Tracking v\u00e9hicules Afin d&rsquo;\u00eatre le plus pr\u00e9cis et optimiser les rdv chez nos clients, nous avons choisi la solution Tomtom Webfleet.Nous chauffeurs disposent \u00e9galement de GPS Truck Tomtom avec l&rsquo;information trafic afin de r\u00e9duire les kilom\u00e8tres superflus et d&rsquo;\u00e9viter autant que possible les bouchons.<\/p>","protected":false},"author":1,"featured_media":0,"parent":0,"menu_order":0,"comment_status":"closed","ping_status":"closed","template":"","meta":{"_et_pb_use_builder":"on","_et_pb_old_content":"<!-- wp:divi\/placeholder \/-->","_et_gb_content_width":"","footnotes":""},"class_list":["post-40","page","type-page","status-publish","hentry"],"_links":{"self":[{"href":"https:\/\/www.fabry.com\/en\/wp-json\/wp\/v2\/pages\/40","targetHints":{"allow":["GET"]}}],"collection":[{"href":"https:\/\/www.fabry.com\/en\/wp-json\/wp\/v2\/pages"}],"about":[{"href":"https:\/\/www.fabry.com\/en\/wp-json\/wp\/v2\/types\/page"}],"author":[{"embeddable":true,"href":"https:\/\/www.fabry.com\/en\/wp-json\/wp\/v2\/users\/1"}],"replies":[{"embeddable":true,"href":"https:\/\/www.fabry.com\/en\/wp-json\/wp\/v2\/comments?post=40"}],"version-history":[{"count":0,"href":"https:\/\/www.fabry.com\/en\/wp-json\/wp\/v2\/pages\/40\/revisions"}],"wp:attachment":[{"href":"https:\/\/www.fabry.com\/en\/wp-json\/wp\/v2\/media?parent=40"}],"curies":[{"name":"wp","href":"https:\/\/api.w.org\/{rel}","templated":true}]}}